{"id":254,"date":"2023-05-07T14:16:28","date_gmt":"2023-05-07T12:16:28","guid":{"rendered":"http:\/\/lechoeurdelavallee.be\/?page_id=254"},"modified":"2025-05-18T14:39:17","modified_gmt":"2025-05-18T12:39:17","slug":"historique","status":"publish","type":"page","link":"https:\/\/lechoeurdelavallee.be\/index.php\/accueil\/historique\/","title":{"rendered":"Historique"},"content":{"rendered":"\t\t<div data-elementor-type=\"wp-page\" data-elementor-id=\"254\" class=\"elementor elementor-254\">\n\t\t\t\t\t\t\t\t\t<section class=\"elementor-section elementor-top-section elementor-element elementor-element-15c6413 elementor-section-full_width elementor-section-stretched elementor-section-height-default elementor-section-height-default\" data-id=\"15c6413\" data-element_type=\"section\" data-settings=\"{&quot;stretch_section&quot;:&quot;section-stretched&quot;,&quot;background_background&quot;:&quot;classic&quot;}\">\n\t\t\t\t\t\t<div class=\"elementor-container elementor-column-gap-default\">\n\t\t\t\t\t<div class=\"elementor-column elementor-col-100 elementor-top-column elementor-element elementor-element-0ef6919\" data-id=\"0ef6919\" data-element_type=\"column\">\n\t\t\t<div class=\"elementor-widget-wrap elementor-element-populated\">\n\t\t\t\t\t\t\t\t<div class=\"elementor-element elementor-element-7ce8aec elementor-widget elementor-widget-heading\" data-id=\"7ce8aec\" data-element_type=\"widget\" data-widget_type=\"heading.default\">\n\t\t\t\t<div class=\"elementor-widget-container\">\n\t\t\t<style>\/*! elementor - v3.11.4 - 12-03-2023 *\/\n.elementor-heading-title{padding:0;margin:0;line-height:1}.elementor-widget-heading .elementor-heading-title[class*=elementor-size-]>a{color:inherit;font-size:inherit;line-height:inherit}.elementor-widget-heading .elementor-heading-title.elementor-size-small{font-size:15px}.elementor-widget-heading .elementor-heading-title.elementor-size-medium{font-size:19px}.elementor-widget-heading .elementor-heading-title.elementor-size-large{font-size:29px}.elementor-widget-heading .elementor-heading-title.elementor-size-xl{font-size:39px}.elementor-widget-heading .elementor-heading-title.elementor-size-xxl{font-size:59px}<\/style><h2 class=\"elementor-heading-title elementor-size-default\">Historique<\/h2>\t\t<\/div>\n\t\t\t\t<\/div>\n\t\t\t\t\t<\/div>\n\t\t<\/div>\n\t\t\t\t\t\t\t<\/div>\n\t\t<\/section>\n\t\t\t\t<section class=\"elementor-section elementor-top-section elementor-element elementor-element-8b9be50 elementor-section-boxed elementor-section-height-default elementor-section-height-default\" data-id=\"8b9be50\" data-element_type=\"section\">\n\t\t\t\t\t\t<div class=\"elementor-container elementor-column-gap-default\">\n\t\t\t\t\t<div class=\"elementor-column elementor-col-100 elementor-top-column elementor-element elementor-element-983c860\" data-id=\"983c860\" data-element_type=\"column\">\n\t\t\t<div class=\"elementor-widget-wrap elementor-element-populated\">\n\t\t\t\t\t\t\t\t<div class=\"elementor-element elementor-element-39ea4fa elementor-widget elementor-widget-text-editor\" data-id=\"39ea4fa\" data-element_type=\"widget\" data-widget_type=\"text-editor.default\">\n\t\t\t\t<div class=\"elementor-widget-container\">\n\t\t\t<style>\/*! elementor - v3.11.4 - 12-03-2023 *\/\n.elementor-widget-text-editor.elementor-drop-cap-view-stacked .elementor-drop-cap{background-color:#818a91;color:#fff}.elementor-widget-text-editor.elementor-drop-cap-view-framed .elementor-drop-cap{color:#818a91;border:3px solid;background-color:transparent}.elementor-widget-text-editor:not(.elementor-drop-cap-view-default) .elementor-drop-cap{margin-top:8px}.elementor-widget-text-editor:not(.elementor-drop-cap-view-default) .elementor-drop-cap-letter{width:1em;height:1em}.elementor-widget-text-editor .elementor-drop-cap{float:left;text-align:center;line-height:1;font-size:50px}.elementor-widget-text-editor .elementor-drop-cap-letter{display:inline-block}<\/style>\t\t\t\t<p><strong>Ch\u0153ur de la Vall\u00e9e: un petit bout d\u2019histoire&#8230;<\/strong><\/p><p align=\"justify\"><span style=\"color: #000000;\"><span style=\"font-family: Calibri, serif;\"><span style=\"font-size: small;\">Le <\/span><\/span><\/span><span style=\"color: #000000;\"><span style=\"font-family: Calibri-Italic, serif;\"><span style=\"font-size: small;\"><i>Ch\u0153ur de la Vall\u00e9e<\/i><\/span><\/span><\/span><span style=\"color: #000000;\"><span style=\"font-family: Calibri, serif;\"><span style=\"font-size: small;\"> fut cr\u00e9\u00e9 en 1997 et eut la chance de passer ses premi\u00e8res ann\u00e9es sous la direction d\u2019 Andr\u00e9 Van de Bosch, ancien chef des ch\u0153urs de la Monnaie et de la RTBF.<\/span><\/span><\/span><\/p><p align=\"justify\"><span style=\"color: #000000;\"><span style=\"font-family: Calibri, serif;\"><span style=\"font-size: small;\">En 2003 l\u2019ensemble poursuivit sa route avec David Baltuch pendant pr\u00e8s de 10 ans. Le travail fut couronn\u00e9 de nombreux concerts.<\/span><\/span><\/span><\/p><p align=\"justify\"><span style=\"color: #000000;\"><span style=\"font-family: Calibri, serif;\"><span style=\"font-size: small;\">En 2010 le ch\u0153ur confia sa destin\u00e9e \u00e0 Marta Jakubiec. De nombreux autres concerts se profil\u00e8rent alors pour se cl\u00f4turer avec le <\/span><\/span><\/span><span style=\"color: #000000;\"><span style=\"font-family: Calibri-Italic, serif;\"><span style=\"font-size: small;\"><i>Requiem<\/i><\/span><\/span><\/span><span style=\"color: #000000;\"><span style=\"font-family: Calibri, serif;\"><span style=\"font-size: small;\"> de Faur\u00e9 en collaboration avec le ch\u0153ur de femmes \u201cVocal Ease\u201d.<\/span><\/span><\/span><\/p><p align=\"justify\"><span style=\"color: #000000;\"><span style=\"font-family: Calibri, serif;\"><span style=\"font-size: small;\">En d\u00e9cembre 2018 commen\u00e7a une nouvelle aventure sous la baguette de Pierre Quiriny, enthousiaste chef d\u2019orchestre et percussionniste. D\u2019embl\u00e9e il fit participer le ch\u0153ur \u00e0 un \u201cflash mob\u201d au shopping center de Woluw\u00e9. Au-del\u00e0 des \u0153uvres classiques, il ouvrit le r\u00e9pertoire <\/span><\/span><\/span><\/p><p align=\"justify\"><span style=\"color: #000000;\"><span style=\"font-family: Calibri, serif;\"><span style=\"font-size: small;\">\u00e0 des \u0153uvres contemporaines et traditionnelles telles que <\/span><\/span><\/span><span style=\"color: #000000;\"><span style=\"font-family: Calibri-Italic, serif;\"><span style=\"font-size: small;\"><i>Geographical Fugue <\/i><\/span><\/span><\/span><span style=\"color: #000000;\"><span style=\"font-family: Calibri, serif;\"><span style=\"font-size: small;\">de E.Toch et <\/span><\/span><\/span><\/p><p align=\"justify\"><span style=\"color: #000000;\"><span style=\"font-family: Calibri-Italic, serif;\"><span style=\"font-size: small;\"><i>Kua Rongo Mai Koe<\/i><\/span><\/span><\/span><span style=\"color: #000000;\"><span style=\"font-family: Calibri, serif;\"><span style=\"font-size: small;\"> un chant traditionnel Maori. <\/span><\/span><\/span><\/p><p align=\"justify\"><span style=\"color: #000000;\"><span style=\"font-family: Calibri, serif;\"><span style=\"font-size: small;\">J<\/span><\/span><\/span><span style=\"color: #000000;\"><span style=\"font-family: Calibri, serif;\"><span style=\"font-size: small;\">uin 2019, le ch\u0153ur organisa son deuxi\u00e8me d\u00eener chantant \u201cwork in progress\u201d avec des \u0153uvres allant de R.de Lassus \u00e0 Mozart en passant par <\/span><\/span><\/span><span style=\"color: #000000;\"><span style=\"font-family: Calibri-Italic, serif;\"><span style=\"font-size: small;\"><i>Memory<\/i><\/span><\/span><\/span><span style=\"color: #000000;\"><span style=\"font-family: Calibri, serif;\"><span style=\"font-size: small;\"> de la c\u00e9l\u00e8bre com\u00e9die musicale Cats. <\/span><\/span><\/span><\/p><p align=\"justify\"><span style=\"color: #000000;\"><span style=\"font-family: Calibri, serif;\"><span style=\"font-size: small;\">D\u00e9cembre 2019. Le ch\u0153ur interpr\u00e9ta des airs d\u2019op\u00e9ras c\u00e9l\u00e8bres en collaboration avec l\u2019ensemble vocal \u00ab\u00a0Amicitia\u00a0\u00bb\u00a0et l\u2019 \u201dOrchestre Symphoniques des Jeunes de Bruxelles\u201d que Pierre Quiriny dirige depuis 2016.<\/span><\/span><\/span><\/p><p><span style=\"color: #000000;\"><span style=\"font-family: Calibri, serif;\"><span style=\"font-size: small;\">Les ann\u00e9es \u00ab\u00a0Covid\u00a0\u00bb 2020 et 2021 ont malheureusement suspendu les concerts et les r\u00e9p\u00e9titions. Le <\/span><\/span><\/span><span style=\"color: #000000;\"><span style=\"font-family: Calibri-Italic, serif;\"><span style=\"font-size: small;\"><i>Ch\u0153ur de la vall\u00e9e <\/i><\/span><\/span><\/span><span style=\"color: #000000;\"><span style=\"font-family: Calibri, serif;\"><span style=\"font-size: small;\">a repris celles-ci en janvier 2022 et proposa en juin 2022 un d\u00eener chantant sur le mode d\u2019une r\u00e9p\u00e9tition ouverte \u00e0 tous. <\/span><\/span><\/span><\/p><p><span style=\"color: #000000;\"><span style=\"font-family: Calibri, serif;\"><span style=\"font-size: small;\">En 2023 le ch\u0153ur se concentra sur Dvorak et Mendelssohn. <\/span><\/span><\/span><\/p><p><span style=\"color: #000000;\"><span style=\"font-family: Calibri, serif;\"><span style=\"font-size: small;\">En 2024 plusieurs concerts nous ont mobilis\u00e9s. En janvier et septembre 2024 nous avons particip\u00e9 au spectacle concert \u00ab M\u00e9moires de Meuse\u00a0\u00bb de Jean Jadin. Dans ce cadre nous avons rejoint le ch\u0153ur \u00ab<\/span><\/span><\/span><span style=\"color: #000000;\"><span style=\"font-family: Calibri, serif;\"><span style=\"font-size: small;\">L<\/span><\/span><\/span><span style=\"color: #000000;\"><span style=\"font-family: Calibri, serif;\"><span style=\"font-size: small;\">a cl\u00e9 des chant<\/span><\/span><\/span><span style=\"color: #000000;\"><span style=\"font-family: Calibri, serif;\"><span style=\"font-size: small;\">s<\/span><\/span><\/span><span style=\"color: #000000;\"><span style=\"font-family: Calibri, serif;\"><span style=\"font-size: small;\">\u00a0\u00bb. Avril 2024\u00a0: notre concert \u00e0 Linkebeek \u00abAu fil de &#8230;&#8230;. \u00ab\u00a0 avec au programme des \u0153uvres de Monk , Ola Gjeilo , Andy Beck , Bourvil et Patriquin.\u00a0<\/span><\/span><\/span><\/p><p><span style=\"color: #000000;\"><span style=\"font-family: Calibri, serif;\"><span style=\"font-size: small;\">Mai 2024\u00a0: participation au Festival \u00ab\u00a0Ch\u0153urs au c\u0153ur de l\u2019abbaye\u00a0\u00bb \u00e0 Forest et au mois de juin concert \u00e0 l\u2019ancien Carmel de Soignies. <\/span><\/span><\/span><\/p><p><span style=\"color: #000000;\"><span style=\"font-family: Calibri, serif;\"><span style=\"font-size: small;\">Au cours de plusieurs de nos concerts , notre chef Pierre Quiriny a propos\u00e9 des \u0153uvres au marimba et vibraphone.<\/span><\/span><\/span><\/p><p><span style=\"color: #000000;\"><span style=\"font-family: Calibri, serif;\"><span style=\"font-size: small;\">Yvonne Bugod a c\u00e9d\u00e9 sa place \u00e0 la pianiste Bernadette Levacq qui accompagne toutes les r\u00e9p\u00e9titions et nos concerts. <\/span><\/span><\/span><\/p><p align=\"justify\"><span style=\"color: #000000;\"><span style=\"font-family: Calibri, serif;\"><span style=\"font-size: small;\">La contralto Martine Gaspar et la soprane Rita Matos Alves assurent r\u00e9guli\u00e8rement l\u2019accompagnement et la formation en technique vocale.<\/span><\/span><\/span><\/p><div id=\"ConnectiveDocSignExtentionInstalled\" data-extension-version=\"1.0.4\">\u00a0<\/div>\t\t\t\t\t\t<\/div>\n\t\t\t\t<\/div>\n\t\t\t\t\t<\/div>\n\t\t<\/div>\n\t\t\t\t\t\t\t<\/div>\n\t\t<\/section>\n\t\t\t\t\t\t\t<\/div>\n\t\t","protected":false},"excerpt":{"rendered":"<p>Historique Ch\u0153ur de la Vall\u00e9e: un petit bout d\u2019histoire&#8230; Le Ch\u0153ur de la Vall\u00e9e fut cr\u00e9\u00e9 en 1997 et eut la chance de passer ses premi\u00e8res ann\u00e9es sous la direction d\u2019 Andr\u00e9 Van de Bosch, ancien chef des ch\u0153urs de la Monnaie et de la RTBF. En 2003 l\u2019ensemble poursuivit sa route avec David Baltuch [&hellip;]<\/p>\n","protected":false},"author":1,"featured_media":0,"parent":5,"menu_order":1,"comment_status":"closed","ping_status":"closed","template":"","meta":{"footnotes":""},"folder":[13],"class_list":["post-254","page","type-page","status-publish","hentry"],"_links":{"self":[{"href":"https:\/\/lechoeurdelavallee.be\/index.php\/wp-json\/wp\/v2\/pages\/254","targetHints":{"allow":["GET"]}}],"collection":[{"href":"https:\/\/lechoeurdelavallee.be\/index.php\/wp-json\/wp\/v2\/pages"}],"about":[{"href":"https:\/\/lechoeurdelavallee.be\/index.php\/wp-json\/wp\/v2\/types\/page"}],"author":[{"embeddable":true,"href":"https:\/\/lechoeurdelavallee.be\/index.php\/wp-json\/wp\/v2\/users\/1"}],"replies":[{"embeddable":true,"href":"https:\/\/lechoeurdelavallee.be\/index.php\/wp-json\/wp\/v2\/comments?post=254"}],"version-history":[{"count":31,"href":"https:\/\/lechoeurdelavallee.be\/index.php\/wp-json\/wp\/v2\/pages\/254\/revisions"}],"predecessor-version":[{"id":1298,"href":"https:\/\/lechoeurdelavallee.be\/index.php\/wp-json\/wp\/v2\/pages\/254\/revisions\/1298"}],"up":[{"embeddable":true,"href":"https:\/\/lechoeurdelavallee.be\/index.php\/wp-json\/wp\/v2\/pages\/5"}],"wp:attachment":[{"href":"https:\/\/lechoeurdelavallee.be\/index.php\/wp-json\/wp\/v2\/media?parent=254"}],"wp:term":[{"taxonomy":"folder","embeddable":true,"href":"https:\/\/lechoeurdelavallee.be\/index.php\/wp-json\/wp\/v2\/folder?post=254"}],"curies":[{"name":"wp","href":"https:\/\/api.w.org\/{rel}","templated":true}]}}